{"id":19,"date":"2024-01-27T19:57:46","date_gmt":"2024-01-27T19:57:46","guid":{"rendered":"https:\/\/luxiorbatiment.com\/?page_id=19"},"modified":"2024-10-16T15:21:41","modified_gmt":"2024-10-16T15:21:41","slug":"accueil","status":"publish","type":"page","link":"https:\/\/luxiorbatiment.com\/en\/","title":{"rendered":"Home"},"content":{"rendered":"\t\t<div data-elementor-type=\"wp-page\" data-elementor-id=\"19\" class=\"elementor elementor-19\" data-elementor-post-type=\"page\">\n\t\t\t\t<div class=\"elementor-element elementor-element-db200e8 hero-wrapper e-flex e-con-boxed e-con e-parent\" data-id=\"db200e8\" data-element_type=\"container\" data-e-type=\"container\" data-settings=\"{&quot;background_background&quot;:&quot;classic&quot;,&quot;background_motion_fx_motion_fx_scrolling&quot;:&quot;yes&quot;,&quot;background_motion_fx_translateX_effect&quot;:&quot;yes&quot;,&quot;background_motion_fx_translateX_speed&quot;:{&quot;unit&quot;:&quot;px&quot;,&quot;size&quot;:0.7,&quot;sizes&quot;:[]},&quot;background_motion_fx_translateX_affectedRange&quot;:{&quot;unit&quot;:&quot;%&quot;,&quot;size&quot;:&quot;&quot;,&quot;sizes&quot;:{&quot;start&quot;:0,&quot;end&quot;:100}},&quot;background_motion_fx_devices&quot;:[&quot;desktop&quot;,&quot;tablet&quot;,&quot;mobile&quot;]}\">\n\t\t\t\t\t<div class=\"e-con-inner\">\n\t\t<div class=\"elementor-element elementor-element-2433b98 e-con-full hero-content e-flex e-con e-child\" data-id=\"2433b98\" data-element_type=\"container\" data-e-type=\"container\">\n\t\t\t\t<div class=\"elementor-element elementor-element-394e834 title elementor-widget elementor-widget-heading\" data-id=\"394e834\" data-element_type=\"widget\" data-e-type=\"widget\" data-settings=\"{&quot;_animation&quot;:&quot;none&quot;}\" wb-data=\"text\" data-widget_type=\"heading.default\">\n\t\t\t\t<div class=\"elementor-widget-container\">\n\t\t\t\t\t<h1 class=\"elementor-heading-title elementor-size-default\">Expertise &amp;<br> excellence<br> au service<br> de vos projets<\/h1>\t\t\t\t<\/div>\n\t\t\t\t<\/div>\n\t\t\t\t<div class=\"elementor-element elementor-element-d70e258 copy elementor-widget elementor-widget-text-editor\" data-id=\"d70e258\" data-element_type=\"widget\" data-e-type=\"widget\" data-widget_type=\"text-editor.default\">\n\t\t\t\t<div class=\"elementor-widget-container\">\n\t\t\t\t\t\t\t\t\t<p>Luxior B\u00e2timent, entreprise de construction et r\u00e9novation haut de gamme sur la C\u00f4te d&rsquo;Azur, garantit des projets exceptionnels, du concept \u00e0 la r\u00e9alisation.<\/p><p>La qualit\u00e9 de nos chantiers refl\u00e8te nos valeurs fondamentales.<\/p><p>Notre \u00e9quipe d&rsquo;experts, offre une gamme compl\u00e8te de services, assurant la concr\u00e9tisation de vos projets avec professionnalisme et bienveillance.<\/p>\t\t\t\t\t\t\t\t<\/div>\n\t\t\t\t<\/div>\n\t\t\t\t<div class=\"elementor-element elementor-element-aa4ebbe btn elementor-widget__width-auto elementor-widget elementor-widget-button\" data-id=\"aa4ebbe\" data-element_type=\"widget\" data-e-type=\"widget\" data-widget_type=\"button.default\">\n\t\t\t\t<div class=\"elementor-widget-container\">\n\t\t\t\t\t\t\t\t\t<div class=\"elementor-button-wrapper\">\n\t\t\t\t\t<a class=\"elementor-button elementor-button-link elementor-size-sm\" href=\"https:\/\/luxiorbatiment.com\/en\/a-propos\/\">\n\t\t\t\t\t\t<span class=\"elementor-button-content-wrapper\">\n\t\t\t\t\t\t<span class=\"elementor-button-icon\">\n\t\t\t\t<svg xmlns=\"http:\/\/www.w3.org\/2000\/svg\" xmlns:xlink=\"http:\/\/www.w3.org\/1999\/xlink\" id=\"Calque_1\" x=\"0px\" y=\"0px\" viewBox=\"0 0 246 93.9\" xml:space=\"preserve\"><g>\t<path d=\"M192.3,0c11.2,13.4,22.4,22.4,29.1,29.1c6.7,6.7,15.7,11.2,24.6,15.7v6.7c-8.9,4.5-17.9,8.9-24.6,15.7  c-6.7,6.7-17.9,15.7-29.1,26.8h-8.9c8.9-17.9,17.9-31.3,26.8-40.3H0V40.3h208c-6.7-8.9-11.2-13.4-13.4-17.9  c-2.2-4.5-6.7-11.2-11.2-22.4H192.3z\"><\/path><\/g><\/svg>\t\t\t<\/span>\n\t\t\t\t\t\t\t\t\t<span class=\"elementor-button-text\">Nous d\u00e9couvrir<\/span>\n\t\t\t\t\t<\/span>\n\t\t\t\t\t<\/a>\n\t\t\t\t<\/div>\n\t\t\t\t\t\t\t\t<\/div>\n\t\t\t\t<\/div>\n\t\t\t\t<\/div>\n\t\t\t\t<div class=\"elementor-element elementor-element-5b907df hero-img elementor-widget elementor-widget-image\" data-id=\"5b907df\" data-element_type=\"widget\" data-e-type=\"widget\" data-widget_type=\"image.default\">\n\t\t\t\t<div class=\"elementor-widget-container\">\n\t\t\t\t\t\t\t\t\t\t\t\t\t\t\t<img fetchpriority=\"high\" decoding=\"async\" width=\"1401\" height=\"1052\" src=\"https:\/\/luxiorbatiment.com\/wp-content\/uploads\/hero_fg-1.png\" class=\"attachment-full size-full wp-image-791\" alt=\"\" srcset=\"https:\/\/luxiorbatiment.com\/wp-content\/uploads\/hero_fg-1.png 1401w, https:\/\/luxiorbatiment.com\/wp-content\/uploads\/hero_fg-1-768x577.png 768w\" sizes=\"(max-width: 1401px) 100vw, 1401px\" \/>\t\t\t\t\t\t\t\t\t\t\t\t\t\t\t<\/div>\n\t\t\t\t<\/div>\n\t\t\t\t\t<\/div>\n\t\t\t\t<\/div>\n\t\t<div class=\"elementor-element elementor-element-4c49469 services-wrapper e-flex e-con-boxed e-con e-parent\" data-id=\"4c49469\" data-element_type=\"container\" data-e-type=\"container\">\n\t\t\t\t\t<div class=\"e-con-inner\">\n\t\t<div class=\"elementor-element elementor-element-bcda045 services-img-col e-con-full e-flex e-con e-child\" data-id=\"bcda045\" data-element_type=\"container\" data-e-type=\"container\">\n\t\t<div class=\"elementor-element elementor-element-c55eafd triple-img-wrap e-con-full e-flex e-con e-child\" data-id=\"c55eafd\" data-element_type=\"container\" data-e-type=\"container\">\n\t\t\t\t<div class=\"elementor-element elementor-element-567967f triple-img medium hexagon elementor-widget elementor-widget-image\" data-id=\"567967f\" data-element_type=\"widget\" data-e-type=\"widget\" data-widget_type=\"image.default\">\n\t\t\t\t<div class=\"elementor-widget-container\">\n\t\t\t\t\t\t\t\t\t\t\t\t\t\t\t<img decoding=\"async\" src=\"https:\/\/luxiorbatiment.com\/wp-content\/uploads\/luxior-2.webp\" title=\"\" alt=\"\" loading=\"lazy\" \/>\t\t\t\t\t\t\t\t\t\t\t\t\t\t\t<\/div>\n\t\t\t\t<\/div>\n\t\t\t\t<div class=\"elementor-element elementor-element-98e33b0 triple-img big hexagon elementor-widget elementor-widget-image\" data-id=\"98e33b0\" data-element_type=\"widget\" data-e-type=\"widget\" data-widget_type=\"image.default\">\n\t\t\t\t<div class=\"elementor-widget-container\">\n\t\t\t\t\t\t\t\t\t\t\t\t\t\t\t<img decoding=\"async\" width=\"3200\" height=\"2133\" src=\"https:\/\/luxiorbatiment.com\/wp-content\/uploads\/luxior-juan-8.webp\" class=\"attachment-large size-large wp-image-866\" alt=\"\" \/>\t\t\t\t\t\t\t\t\t\t\t\t\t\t\t<\/div>\n\t\t\t\t<\/div>\n\t\t\t\t<div class=\"elementor-element elementor-element-85dee4a triple-img small hexagon elementor-widget elementor-widget-image\" data-id=\"85dee4a\" data-element_type=\"widget\" data-e-type=\"widget\" data-widget_type=\"image.default\">\n\t\t\t\t<div class=\"elementor-widget-container\">\n\t\t\t\t\t\t\t\t\t\t\t\t\t\t\t<img decoding=\"async\" width=\"3200\" height=\"2133\" src=\"https:\/\/luxiorbatiment.com\/wp-content\/uploads\/luxior-gallia-16.webp\" class=\"attachment-large size-large wp-image-850\" alt=\"\" \/>\t\t\t\t\t\t\t\t\t\t\t\t\t\t\t<\/div>\n\t\t\t\t<\/div>\n\t\t\t\t<\/div>\n\t\t\t\t<\/div>\n\t\t<div class=\"elementor-element elementor-element-4386678 services-content e-con-full e-flex e-con e-child\" data-id=\"4386678\" data-element_type=\"container\" data-e-type=\"container\">\n\t\t\t\t<div class=\"elementor-element elementor-element-49dd058 title elementor-widget elementor-widget-heading\" data-id=\"49dd058\" data-element_type=\"widget\" data-e-type=\"widget\" data-settings=\"{&quot;_animation&quot;:&quot;none&quot;}\" wb-data=\"text\" data-widget_type=\"heading.default\">\n\t\t\t\t<div class=\"elementor-widget-container\">\n\t\t\t\t\t<h2 class=\"elementor-heading-title elementor-size-default\">L'innovation au coeur de notre savoir-faire<\/h2>\t\t\t\t<\/div>\n\t\t\t\t<\/div>\n\t\t\t\t<div class=\"elementor-element elementor-element-1052ff8 copy elementor-widget elementor-widget-text-editor\" data-id=\"1052ff8\" data-element_type=\"widget\" data-e-type=\"widget\" data-widget_type=\"text-editor.default\">\n\t\t\t\t<div class=\"elementor-widget-container\">\n\t\t\t\t\t\t\t\t\t<p>Avec Luxior B\u00e2timent, nous r\u00e9alisons des projets o\u00f9 chaque d\u00e9tail a son importance.<\/p>\n<p>Notre passion nous motive \u00e0 d\u00e9velopper un savoir-faire en constante \u00e9volution, de la s\u00e9lection des mat\u00e9riaux, aux techniques utilis\u00e9es, nous r\u00e9pondons aux besoins de nos clients tout en proposant des solutions innovantes.<\/p>\t\t\t\t\t\t\t\t<\/div>\n\t\t\t\t<\/div>\n\t\t\t\t<div class=\"elementor-element elementor-element-e07d2d1 btn elementor-widget elementor-widget-button\" data-id=\"e07d2d1\" data-element_type=\"widget\" data-e-type=\"widget\" data-widget_type=\"button.default\">\n\t\t\t\t<div class=\"elementor-widget-container\">\n\t\t\t\t\t\t\t\t\t<div class=\"elementor-button-wrapper\">\n\t\t\t\t\t<a class=\"elementor-button elementor-button-link elementor-size-sm\" href=\"https:\/\/luxiorbatiment.com\/en\/notre-savoir-faire\/\">\n\t\t\t\t\t\t<span class=\"elementor-button-content-wrapper\">\n\t\t\t\t\t\t<span class=\"elementor-button-icon\">\n\t\t\t\t<svg xmlns=\"http:\/\/www.w3.org\/2000\/svg\" xmlns:xlink=\"http:\/\/www.w3.org\/1999\/xlink\" id=\"Calque_1\" x=\"0px\" y=\"0px\" viewBox=\"0 0 246 93.9\" xml:space=\"preserve\"><g>\t<path d=\"M192.3,0c11.2,13.4,22.4,22.4,29.1,29.1c6.7,6.7,15.7,11.2,24.6,15.7v6.7c-8.9,4.5-17.9,8.9-24.6,15.7  c-6.7,6.7-17.9,15.7-29.1,26.8h-8.9c8.9-17.9,17.9-31.3,26.8-40.3H0V40.3h208c-6.7-8.9-11.2-13.4-13.4-17.9  c-2.2-4.5-6.7-11.2-11.2-22.4H192.3z\"><\/path><\/g><\/svg>\t\t\t<\/span>\n\t\t\t\t\t\t\t\t\t<span class=\"elementor-button-text\">En savoir plus <\/span>\n\t\t\t\t\t<\/span>\n\t\t\t\t\t<\/a>\n\t\t\t\t<\/div>\n\t\t\t\t\t\t\t\t<\/div>\n\t\t\t\t<\/div>\n\t\t\t\t<\/div>\n\t\t\t\t\t<\/div>\n\t\t\t\t<\/div>\n\t\t<div class=\"elementor-element elementor-element-8fefbe1 projects-wrapper e-flex e-con-boxed e-con e-parent\" data-id=\"8fefbe1\" data-element_type=\"container\" data-e-type=\"container\" data-settings=\"{&quot;background_background&quot;:&quot;classic&quot;}\">\n\t\t\t\t\t<div class=\"e-con-inner\">\n\t\t<div class=\"elementor-element elementor-element-35f27bc projects-content e-con-full e-flex e-con e-child\" data-id=\"35f27bc\" data-element_type=\"container\" data-e-type=\"container\">\n\t\t\t\t<div class=\"elementor-element elementor-element-9041de5 title elementor-widget elementor-widget-heading\" data-id=\"9041de5\" data-element_type=\"widget\" data-e-type=\"widget\" data-settings=\"{&quot;_animation&quot;:&quot;none&quot;}\" wb-data=\"text\" data-widget_type=\"heading.default\">\n\t\t\t\t<div class=\"elementor-widget-container\">\n\t\t\t\t\t<h2 class=\"elementor-heading-title elementor-size-default\">Un charme unique<\/h2>\t\t\t\t<\/div>\n\t\t\t\t<\/div>\n\t\t\t\t<div class=\"elementor-element elementor-element-a254dcc copy elementor-widget__width-initial elementor-widget elementor-widget-text-editor\" data-id=\"a254dcc\" data-element_type=\"widget\" data-e-type=\"widget\" data-widget_type=\"text-editor.default\">\n\t\t\t\t<div class=\"elementor-widget-container\">\n\t\t\t\t\t\t\t\t\t<p>Avec Luxior B\u00e2timent nous vous garantissons des r\u00e9alisations sur mesure afin de r\u00e9pondre \u00e0 vos besoin avec pr\u00e9cision et de cr\u00e9er des lieux \u00e0 forte valeur ajout\u00e9e.<\/p>\t\t\t\t\t\t\t\t<\/div>\n\t\t\t\t<\/div>\n\t\t\t\t<div class=\"elementor-element elementor-element-2db80cf btn elementor-widget elementor-widget-button\" data-id=\"2db80cf\" data-element_type=\"widget\" data-e-type=\"widget\" data-widget_type=\"button.default\">\n\t\t\t\t<div class=\"elementor-widget-container\">\n\t\t\t\t\t\t\t\t\t<div class=\"elementor-button-wrapper\">\n\t\t\t\t\t<a class=\"elementor-button elementor-button-link elementor-size-sm\" href=\"https:\/\/luxiorbatiment.com\/en\/nos-realisations\/\">\n\t\t\t\t\t\t<span class=\"elementor-button-content-wrapper\">\n\t\t\t\t\t\t<span class=\"elementor-button-icon\">\n\t\t\t\t<svg xmlns=\"http:\/\/www.w3.org\/2000\/svg\" xmlns:xlink=\"http:\/\/www.w3.org\/1999\/xlink\" id=\"Calque_1\" x=\"0px\" y=\"0px\" viewBox=\"0 0 246 93.9\" xml:space=\"preserve\"><g>\t<path d=\"M192.3,0c11.2,13.4,22.4,22.4,29.1,29.1c6.7,6.7,15.7,11.2,24.6,15.7v6.7c-8.9,4.5-17.9,8.9-24.6,15.7  c-6.7,6.7-17.9,15.7-29.1,26.8h-8.9c8.9-17.9,17.9-31.3,26.8-40.3H0V40.3h208c-6.7-8.9-11.2-13.4-13.4-17.9  c-2.2-4.5-6.7-11.2-11.2-22.4H192.3z\"><\/path><\/g><\/svg>\t\t\t<\/span>\n\t\t\t\t\t\t\t\t\t<span class=\"elementor-button-text\">R\u00e9alisations<\/span>\n\t\t\t\t\t<\/span>\n\t\t\t\t\t<\/a>\n\t\t\t\t<\/div>\n\t\t\t\t\t\t\t\t<\/div>\n\t\t\t\t<\/div>\n\t\t\t\t<div class=\"elementor-element elementor-element-10e8ff7 projects-img right hexagon elementor-absolute elementor-widget elementor-widget-image\" data-id=\"10e8ff7\" data-element_type=\"widget\" data-e-type=\"widget\" data-settings=\"{&quot;_position&quot;:&quot;absolute&quot;}\" data-widget_type=\"image.default\">\n\t\t\t\t<div class=\"elementor-widget-container\">\n\t\t\t\t\t\t\t\t\t\t\t\t\t\t\t<img loading=\"lazy\" decoding=\"async\" width=\"3122\" height=\"2081\" src=\"https:\/\/luxiorbatiment.com\/wp-content\/uploads\/luxior-gallia-2.webp\" class=\"attachment-large size-large wp-image-836\" alt=\"\" \/>\t\t\t\t\t\t\t\t\t\t\t\t\t\t\t<\/div>\n\t\t\t\t<\/div>\n\t\t\t\t<div class=\"elementor-element elementor-element-8f6a031 projects-img left hexagon elementor-absolute elementor-widget elementor-widget-image\" data-id=\"8f6a031\" data-element_type=\"widget\" data-e-type=\"widget\" data-settings=\"{&quot;_position&quot;:&quot;absolute&quot;}\" data-widget_type=\"image.default\">\n\t\t\t\t<div class=\"elementor-widget-container\">\n\t\t\t\t\t\t\t\t\t\t\t\t\t\t\t<img loading=\"lazy\" decoding=\"async\" width=\"3200\" height=\"2133\" src=\"https:\/\/luxiorbatiment.com\/wp-content\/uploads\/luxior-gallia-18.webp\" class=\"attachment-large size-large wp-image-852\" alt=\"\" \/>\t\t\t\t\t\t\t\t\t\t\t\t\t\t\t<\/div>\n\t\t\t\t<\/div>\n\t\t\t\t<\/div>\n\t\t\t\t\t<\/div>\n\t\t\t\t<\/div>\n\t\t<div class=\"elementor-element elementor-element-a9f905b contact-wrapper e-flex e-con-boxed e-con e-parent\" data-id=\"a9f905b\" data-element_type=\"container\" data-e-type=\"container\">\n\t\t\t\t\t<div class=\"e-con-inner\">\n\t\t<div class=\"elementor-element elementor-element-142a88d contact-content e-con-full e-flex e-con e-child\" data-id=\"142a88d\" data-element_type=\"container\" data-e-type=\"container\">\n\t\t\t\t<div class=\"elementor-element elementor-element-ea364ca title elementor-widget elementor-widget-heading\" data-id=\"ea364ca\" data-element_type=\"widget\" data-e-type=\"widget\" data-settings=\"{&quot;_animation&quot;:&quot;none&quot;}\" wb-data=\"text\" data-widget_type=\"heading.default\">\n\t\t\t\t<div class=\"elementor-widget-container\">\n\t\t\t\t\t<h2 class=\"elementor-heading-title elementor-size-default\">Une \u00e9quipe d\u00e9vou\u00e9e \u00e0 votre \u00e9coute<\/h2>\t\t\t\t<\/div>\n\t\t\t\t<\/div>\n\t\t\t\t<div class=\"elementor-element elementor-element-6e35b35 copy elementor-widget elementor-widget-text-editor\" data-id=\"6e35b35\" data-element_type=\"widget\" data-e-type=\"widget\" data-widget_type=\"text-editor.default\">\n\t\t\t\t<div class=\"elementor-widget-container\">\n\t\t\t\t\t\t\t\t\t<p>Vous \u00eates un particulier, un professionnel et vous avez un projet ?<\/p><p>Vous souhaitez faire construire, transformer, r\u00e9nover ou bien \u00eatre accompagn\u00e9 dans vos invetissements ?<\/p><p>Luxior B\u00e2timent est \u00e0 l&rsquo;\u00e9coute de vos besoins et nous serons ravis d&rsquo;en parler avec vous.\u00a0\u00a0<\/p>\t\t\t\t\t\t\t\t<\/div>\n\t\t\t\t<\/div>\n\t\t\t\t<div class=\"elementor-element elementor-element-130bfe9 btn elementor-widget elementor-widget-button\" data-id=\"130bfe9\" data-element_type=\"widget\" data-e-type=\"widget\" data-widget_type=\"button.default\">\n\t\t\t\t<div class=\"elementor-widget-container\">\n\t\t\t\t\t\t\t\t\t<div class=\"elementor-button-wrapper\">\n\t\t\t\t\t<a class=\"elementor-button elementor-button-link elementor-size-sm\" href=\"https:\/\/luxiorbatiment.com\/en\/contact\/\">\n\t\t\t\t\t\t<span class=\"elementor-button-content-wrapper\">\n\t\t\t\t\t\t<span class=\"elementor-button-icon\">\n\t\t\t\t<svg xmlns=\"http:\/\/www.w3.org\/2000\/svg\" xmlns:xlink=\"http:\/\/www.w3.org\/1999\/xlink\" id=\"Calque_1\" x=\"0px\" y=\"0px\" viewBox=\"0 0 246 93.9\" xml:space=\"preserve\"><g>\t<path d=\"M192.3,0c11.2,13.4,22.4,22.4,29.1,29.1c6.7,6.7,15.7,11.2,24.6,15.7v6.7c-8.9,4.5-17.9,8.9-24.6,15.7  c-6.7,6.7-17.9,15.7-29.1,26.8h-8.9c8.9-17.9,17.9-31.3,26.8-40.3H0V40.3h208c-6.7-8.9-11.2-13.4-13.4-17.9  c-2.2-4.5-6.7-11.2-11.2-22.4H192.3z\"><\/path><\/g><\/svg>\t\t\t<\/span>\n\t\t\t\t\t\t\t\t\t<span class=\"elementor-button-text\">Contactez-nous<\/span>\n\t\t\t\t\t<\/span>\n\t\t\t\t\t<\/a>\n\t\t\t\t<\/div>\n\t\t\t\t\t\t\t\t<\/div>\n\t\t\t\t<\/div>\n\t\t\t\t<\/div>\n\t\t<div class=\"elementor-element elementor-element-20140a4 contact-img-col e-con-full e-flex e-con e-child\" data-id=\"20140a4\" data-element_type=\"container\" data-e-type=\"container\">\n\t\t<div class=\"elementor-element elementor-element-61ce66c e-con-full contact-img-wrap e-flex e-con e-child\" data-id=\"61ce66c\" data-element_type=\"container\" data-e-type=\"container\">\n\t\t\t\t<div class=\"elementor-element elementor-element-dd9ed5f contact-img hexagon elementor-widget elementor-widget-image\" data-id=\"dd9ed5f\" data-element_type=\"widget\" data-e-type=\"widget\" data-widget_type=\"image.default\">\n\t\t\t\t<div class=\"elementor-widget-container\">\n\t\t\t\t\t\t\t\t\t\t\t\t\t\t\t<img loading=\"lazy\" decoding=\"async\" width=\"2053\" height=\"3080\" src=\"https:\/\/luxiorbatiment.com\/wp-content\/uploads\/luxior-juan-7.webp\" class=\"attachment-large size-large wp-image-865\" alt=\"\" \/>\t\t\t\t\t\t\t\t\t\t\t\t\t\t\t<\/div>\n\t\t\t\t<\/div>\n\t\t\t\t<\/div>\n\t\t\t\t<\/div>\n\t\t\t\t\t<\/div>\n\t\t\t\t<\/div>\n\t\t\t\t<\/div>\n\t\t","protected":false},"excerpt":{"rendered":"<p>Expertise &amp; excellence au service de vos projets Luxior B\u00e2timent, entreprise de construction et r\u00e9novation haut de gamme sur la C\u00f4te d&rsquo;Azur, garantit des projets exceptionnels, du concept \u00e0 la r\u00e9alisation. La qualit\u00e9 de nos chantiers refl\u00e8te nos valeurs fondamentales. Notre \u00e9quipe d&rsquo;experts, offre une gamme compl\u00e8te de services, assurant la concr\u00e9tisation de vos projets [&hellip;]<\/p>\n","protected":false},"author":1,"featured_media":0,"parent":0,"menu_order":0,"comment_status":"closed","ping_status":"closed","template":"","meta":{"footnotes":""},"class_list":["post-19","page","type-page","status-publish","hentry"],"_links":{"self":[{"href":"https:\/\/luxiorbatiment.com\/en\/wp-json\/wp\/v2\/pages\/19","targetHints":{"allow":["GET"]}}],"collection":[{"href":"https:\/\/luxiorbatiment.com\/en\/wp-json\/wp\/v2\/pages"}],"about":[{"href":"https:\/\/luxiorbatiment.com\/en\/wp-json\/wp\/v2\/types\/page"}],"author":[{"embeddable":true,"href":"https:\/\/luxiorbatiment.com\/en\/wp-json\/wp\/v2\/users\/1"}],"replies":[{"embeddable":true,"href":"https:\/\/luxiorbatiment.com\/en\/wp-json\/wp\/v2\/comments?post=19"}],"version-history":[{"count":577,"href":"https:\/\/luxiorbatiment.com\/en\/wp-json\/wp\/v2\/pages\/19\/revisions"}],"predecessor-version":[{"id":1951,"href":"https:\/\/luxiorbatiment.com\/en\/wp-json\/wp\/v2\/pages\/19\/revisions\/1951"}],"wp:attachment":[{"href":"https:\/\/luxiorbatiment.com\/en\/wp-json\/wp\/v2\/media?parent=19"}],"curies":[{"name":"wp","href":"https:\/\/api.w.org\/{rel}","templated":true}]}}