{"id":185,"date":"2024-01-27T23:41:40","date_gmt":"2024-01-27T23:41:40","guid":{"rendered":"https:\/\/luxiorbatiment.com\/?page_id=185"},"modified":"2024-10-16T15:20:52","modified_gmt":"2024-10-16T15:20:52","slug":"a-propos","status":"publish","type":"page","link":"https:\/\/luxiorbatiment.com\/en\/a-propos\/","title":{"rendered":"About"},"content":{"rendered":"<div data-elementor-type=\"wp-page\" data-elementor-id=\"185\" class=\"elementor elementor-185\" data-elementor-post-type=\"page\">\n\t\t\t\t<div class=\"elementor-element elementor-element-31a253e hero-wrapper e-flex e-con-boxed e-con e-parent\" data-id=\"31a253e\" data-element_type=\"container\" data-e-type=\"container\" data-settings=\"{&quot;background_background&quot;:&quot;classic&quot;}\">\n\t\t\t\t\t<div class=\"e-con-inner\">\n\t\t<div class=\"elementor-element elementor-element-83c0530 e-con-full hero-content e-flex e-con e-child\" data-id=\"83c0530\" data-element_type=\"container\" data-e-type=\"container\" data-settings=\"{&quot;background_background&quot;:&quot;classic&quot;}\">\n\t\t\t\t<div class=\"elementor-element elementor-element-635ffdb title elementor-widget elementor-widget-heading\" data-id=\"635ffdb\" data-element_type=\"widget\" data-e-type=\"widget\" data-settings=\"{&quot;_animation&quot;:&quot;none&quot;}\" wb-data=\"text\" data-widget_type=\"heading.default\">\n\t\t\t\t<div class=\"elementor-widget-container\">\n\t\t\t\t\t<h1 class=\"elementor-heading-title elementor-size-default\">Your reference<br> for high-end<br> construction<\/h1>\t\t\t\t<\/div>\n\t\t\t\t<\/div>\n\t\t\t\t<div class=\"elementor-element elementor-element-9402d2d copy elementor-widget elementor-widget-text-editor\" data-id=\"9402d2d\" data-element_type=\"widget\" data-e-type=\"widget\" data-widget_type=\"text-editor.default\">\n\t\t\t\t<div class=\"elementor-widget-container\">\n\t\t\t\t\t\t\t\t\t<p>We are a passionate and dedicated team, specializing in the execution of exceptional real estate projects on the French Riviera.<\/p><p>Since our inception, our commitment to excellence and attention to detail have made us a reference in the high-end construction sector.<\/p>\t\t\t\t\t\t\t\t<\/div>\n\t\t\t\t<\/div>\n\t\t\t\t<\/div>\n\t\t\t\t\t<\/div>\n\t\t\t\t<\/div>\n\t\t<div class=\"elementor-element elementor-element-d76d4ff reseau-wrapper e-flex e-con-boxed e-con e-parent\" data-id=\"d76d4ff\" data-element_type=\"container\" data-e-type=\"container\">\n\t\t\t\t\t<div class=\"e-con-inner\">\n\t\t<div class=\"elementor-element elementor-element-b9571d3 reseau-content e-con-full e-flex e-con e-child\" data-id=\"b9571d3\" data-element_type=\"container\" data-e-type=\"container\">\n\t\t\t\t<div class=\"elementor-element elementor-element-eb2e8fa title elementor-widget elementor-widget-heading\" data-id=\"eb2e8fa\" data-element_type=\"widget\" data-e-type=\"widget\" data-settings=\"{&quot;_animation&quot;:&quot;none&quot;}\" wb-data=\"text\" data-widget_type=\"heading.default\">\n\t\t\t\t<div class=\"elementor-widget-container\">\n\t\t\t\t\t<h2 class=\"elementor-heading-title elementor-size-default\">A network of experts at your service<\/h2>\t\t\t\t<\/div>\n\t\t\t\t<\/div>\n\t\t\t\t<div class=\"elementor-element elementor-element-1b552d9 copy elementor-widget elementor-widget-text-editor\" data-id=\"1b552d9\" data-element_type=\"widget\" data-e-type=\"widget\" data-widget_type=\"text-editor.default\">\n\t\t\t\t<div class=\"elementor-widget-container\">\n\t\t\t\t\t\t\t\t\t<p>At Luxior B\u00e2timent, we take pride in having some of the most talented professionals in the region on our team.<\/p><p>Experienced engineers and architects, skilled craftsmen, each member of our team contributes their expertise and know-how to ensure the success of every project we undertake.<\/p>\t\t\t\t\t\t\t\t<\/div>\n\t\t\t\t<\/div>\n\t\t\t\t<\/div>\n\t\t<div class=\"elementor-element elementor-element-b751266 triple-img-wrap e-con-full e-flex e-con e-child\" data-id=\"b751266\" data-element_type=\"container\" data-e-type=\"container\">\n\t\t\t\t<div class=\"elementor-element elementor-element-5dd3a62 triple-img medium hexagon elementor-widget elementor-widget-image\" data-id=\"5dd3a62\" data-element_type=\"widget\" data-e-type=\"widget\" data-widget_type=\"image.default\">\n\t\t\t\t<div class=\"elementor-widget-container\">\n\t\t\t\t\t\t\t\t\t\t\t\t\t\t\t<img fetchpriority=\"high\" decoding=\"async\" width=\"1200\" height=\"1600\" src=\"https:\/\/luxiorbatiment.com\/wp-content\/uploads\/WhatsApp-Image-2024-09-03-a-18.27.58_4190d1ab.jpg\" class=\"attachment-large size-large wp-image-1900\" alt=\"\" \/>\t\t\t\t\t\t\t\t\t\t\t\t\t\t\t<\/div>\n\t\t\t\t<\/div>\n\t\t\t\t<div class=\"elementor-element elementor-element-e28b641 triple-img big hexagon elementor-widget elementor-widget-image\" data-id=\"e28b641\" data-element_type=\"widget\" data-e-type=\"widget\" data-widget_type=\"image.default\">\n\t\t\t\t<div class=\"elementor-widget-container\">\n\t\t\t\t\t\t\t\t\t\t\t\t\t\t\t<img decoding=\"async\" width=\"1080\" height=\"1350\" src=\"https:\/\/luxiorbatiment.com\/wp-content\/uploads\/WhatsApp-Image-2024-09-03-a-19.21.14_cecf74da.jpg\" class=\"attachment-large size-large wp-image-1899\" alt=\"\" \/>\t\t\t\t\t\t\t\t\t\t\t\t\t\t\t<\/div>\n\t\t\t\t<\/div>\n\t\t\t\t<div class=\"elementor-element elementor-element-6bd0678 triple-img small hexagon elementor-widget elementor-widget-image\" data-id=\"6bd0678\" data-element_type=\"widget\" data-e-type=\"widget\" data-widget_type=\"image.default\">\n\t\t\t\t<div class=\"elementor-widget-container\">\n\t\t\t\t\t\t\t\t\t\t\t\t\t\t\t<img decoding=\"async\" width=\"5659\" height=\"3773\" src=\"https:\/\/luxiorbatiment.com\/wp-content\/uploads\/christopher-burns-8KfCR12oeUM-unsplash.jpg\" class=\"attachment-large size-large wp-image-1274\" alt=\"\" \/>\t\t\t\t\t\t\t\t\t\t\t\t\t\t\t<\/div>\n\t\t\t\t<\/div>\n\t\t\t\t<\/div>\n\t\t\t\t\t<\/div>\n\t\t\t\t<\/div>\n\t\t<div class=\"elementor-element elementor-element-8757f58 accompagnement-wrapper e-flex e-con-boxed e-con e-parent\" data-id=\"8757f58\" data-element_type=\"container\" data-e-type=\"container\" data-settings=\"{&quot;background_background&quot;:&quot;classic&quot;}\">\n\t\t\t\t\t<div class=\"e-con-inner\">\n\t\t<div class=\"elementor-element elementor-element-609ad84 accompagnement-content e-con-full e-flex e-con e-child\" data-id=\"609ad84\" data-element_type=\"container\" data-e-type=\"container\">\n\t\t\t\t<div class=\"elementor-element elementor-element-07c8f68 title elementor-widget elementor-widget-heading\" data-id=\"07c8f68\" data-element_type=\"widget\" data-e-type=\"widget\" data-settings=\"{&quot;_animation&quot;:&quot;none&quot;}\" wb-data=\"text\" data-widget_type=\"heading.default\">\n\t\t\t\t<div class=\"elementor-widget-container\">\n\t\t\t\t\t<h2 class=\"elementor-heading-title elementor-size-default\">A tailored<br> support<br> service<\/h2>\t\t\t\t<\/div>\n\t\t\t\t<\/div>\n\t\t\t\t<div class=\"elementor-element elementor-element-cf84c83 copy elementor-widget elementor-widget-text-editor\" data-id=\"cf84c83\" data-element_type=\"widget\" data-e-type=\"widget\" data-widget_type=\"text-editor.default\">\n\t\t\t\t<div class=\"elementor-widget-container\">\n\t\t\t\t\t\t\t\t\t<p>The combination of these skills allows us to offer a wide range of services.<br \/>In addition to construction and renovation, we can also assist you with your investment projects, whether for rental properties or buy-and-sell ventures.<\/p><p>Our expertise helps both individuals and property dealers make the best choices to optimize their investments.<\/p>\t\t\t\t\t\t\t\t<\/div>\n\t\t\t\t<\/div>\n\t\t\t\t<\/div>\n\t\t\t\t\t<\/div>\n\t\t\t\t<\/div>\n\t\t<div class=\"elementor-element elementor-element-0efa3b0 valeurs-wrapper e-flex e-con-boxed e-con e-parent\" data-id=\"0efa3b0\" data-element_type=\"container\" data-e-type=\"container\">\n\t\t\t\t\t<div class=\"e-con-inner\">\n\t\t<div class=\"elementor-element elementor-element-14308eb valeurs-content e-con-full e-flex e-con e-child\" data-id=\"14308eb\" data-element_type=\"container\" data-e-type=\"container\">\n\t\t\t\t<div class=\"elementor-element elementor-element-c5a6207 title elementor-widget elementor-widget-heading\" data-id=\"c5a6207\" data-element_type=\"widget\" data-e-type=\"widget\" data-settings=\"{&quot;_animation&quot;:&quot;none&quot;}\" wb-data=\"text\" data-widget_type=\"heading.default\">\n\t\t\t\t<div class=\"elementor-widget-container\">\n\t\t\t\t\t<h2 class=\"elementor-heading-title elementor-size-default\">Fundamental values that guide our work<\/h2>\t\t\t\t<\/div>\n\t\t\t\t<\/div>\n\t\t\t\t<div class=\"elementor-element elementor-element-c50f270 copy elementor-widget elementor-widget-text-editor\" data-id=\"c50f270\" data-element_type=\"widget\" data-e-type=\"widget\" data-widget_type=\"text-editor.default\">\n\t\t\t\t<div class=\"elementor-widget-container\">\n\t\t\t\t\t\t\t\t\t<p>We are guided by fundamental values such as integrity, professionalism, and customer satisfaction.<\/p><p>We believe in a transparent and collaborative approach, where every decision is made in the best interest of our clients and in accordance with their requests.\u00a0<\/p><p>Our commitment to quality and excellence is at the heart of everything we do, where every detail is treated with the utmost importance.<\/p>\t\t\t\t\t\t\t\t<\/div>\n\t\t\t\t<\/div>\n\t\t\t\t<\/div>\n\t\t<div class=\"elementor-element elementor-element-22cb17f e-con-full valeurs-img-wrap e-flex e-con e-child\" data-id=\"22cb17f\" data-element_type=\"container\" data-e-type=\"container\">\n\t\t\t\t<div class=\"elementor-element elementor-element-19f1c44 valeurs-img hexagon elementor-widget elementor-widget-image\" data-id=\"19f1c44\" data-element_type=\"widget\" data-e-type=\"widget\" data-widget_type=\"image.default\">\n\t\t\t\t<div class=\"elementor-widget-container\">\n\t\t\t\t\t\t\t\t\t\t\t\t\t\t\t<img loading=\"lazy\" decoding=\"async\" width=\"1920\" height=\"1280\" src=\"https:\/\/luxiorbatiment.com\/wp-content\/uploads\/juan2-05.webp\" class=\"attachment-large size-large wp-image-1850\" alt=\"\" \/>\t\t\t\t\t\t\t\t\t\t\t\t\t\t\t<\/div>\n\t\t\t\t<\/div>\n\t\t\t\t<\/div>\n\t\t\t\t\t<\/div>\n\t\t\t\t<\/div>\n\t\t\t\t<\/div>","protected":false},"excerpt":{"rendered":"<p>Votre r\u00e9f\u00e9rence en construction haut de gamme Nous sommes une \u00e9quipe passionn\u00e9e et d\u00e9vou\u00e9e, sp\u00e9cialis\u00e9e dans la r\u00e9alisation de projets immobiliers d&rsquo;exception sur la C\u00f4te d&rsquo;Azur. Depuis nos d\u00e9buts, notre engagement envers l&rsquo;excellence et notre souci du d\u00e9tail ont fait de nous une r\u00e9f\u00e9rence dans le secteur de la construction haut de gamme. Un r\u00e9seau [&hellip;]<\/p>\n","protected":false},"author":1,"featured_media":0,"parent":0,"menu_order":0,"comment_status":"closed","ping_status":"closed","template":"","meta":{"footnotes":""},"class_list":["post-185","page","type-page","status-publish","hentry"],"_links":{"self":[{"href":"https:\/\/luxiorbatiment.com\/en\/wp-json\/wp\/v2\/pages\/185","targetHints":{"allow":["GET"]}}],"collection":[{"href":"https:\/\/luxiorbatiment.com\/en\/wp-json\/wp\/v2\/pages"}],"about":[{"href":"https:\/\/luxiorbatiment.com\/en\/wp-json\/wp\/v2\/types\/page"}],"author":[{"embeddable":true,"href":"https:\/\/luxiorbatiment.com\/en\/wp-json\/wp\/v2\/users\/1"}],"replies":[{"embeddable":true,"href":"https:\/\/luxiorbatiment.com\/en\/wp-json\/wp\/v2\/comments?post=185"}],"version-history":[{"count":124,"href":"https:\/\/luxiorbatiment.com\/en\/wp-json\/wp\/v2\/pages\/185\/revisions"}],"predecessor-version":[{"id":1948,"href":"https:\/\/luxiorbatiment.com\/en\/wp-json\/wp\/v2\/pages\/185\/revisions\/1948"}],"wp:attachment":[{"href":"https:\/\/luxiorbatiment.com\/en\/wp-json\/wp\/v2\/media?parent=185"}],"curies":[{"name":"wp","href":"https:\/\/api.w.org\/{rel}","templated":true}]}}